{"id":37901,"date":"2019-10-16T16:13:12","date_gmt":"2019-10-16T16:13:12","guid":{"rendered":"https:\/\/www.mudanzasintegralesperu.com\/servicios\/"},"modified":"2023-10-08T15:03:57","modified_gmt":"2023-10-08T15:03:57","slug":"services","status":"publish","type":"page","link":"https:\/\/www.mintperu.com\/en\/services\/","title":{"rendered":"Services"},"content":{"rendered":"<p>[vc_row full_width=&#8221;stretch_row&#8221; css_animation=&#8221;bounceInUp&#8221; css=&#8221;.vc_custom_1647434466666{padding-top: 100px !important;padding-bottom: 120px !important;background: #f3f3f5 url(https:\/\/www.hambreceroperu.org\/wp-content\/uploads\/2022\/03\/fondo-hc.png?id=37667) !important;background-position: center !important;background-repeat: no-repeat !important;background-size: cover !important;}&#8221;][vc_column offset=&#8221;vc_col-lg-offset-2 vc_col-lg-8 vc_col-md-offset-2 vc_col-md-8 vc_col-sm-offset-0 vc_col-xs-12&#8243;][vc_empty_space]<div id=\"ultimate-heading-13769e634ae9c5a0\" class=\"uvc-heading ult-adjust-bottom-margin ultimate-heading-13769e634ae9c5a0 uvc-1424  uvc-heading-default-font-sizes\" data-hspacer=\"no_spacer\"  data-halign=\"center\" style=\"text-align:center\"><div class=\"uvc-heading-spacer no_spacer\" style=\"top\"><\/div><div class=\"uvc-main-heading ult-responsive\"  data-ultimate-target='.uvc-heading.ultimate-heading-13769e634ae9c5a0 h2'  data-responsive-json-new='{\"font-size\":\"\",\"line-height\":\"\"}' ><h2 style=\"font-weight:bold;color:#000000;margin-bottom:15px;\">PROGRAMA SOCIAL \u00abHAMBRE CERO\u00bb<\/h2><\/div><div class=\"uvc-sub-heading ult-responsive\"  data-ultimate-target='.uvc-heading.ultimate-heading-13769e634ae9c5a0 .uvc-sub-heading '  data-responsive-json-new='{\"font-size\":\"\",\"line-height\":\"\"}'  style=\"font-weight:normal;color:rgba(0,0,0,0.7);margin-bottom:30px;\">Dirigido a los ni\u00f1os, j\u00f3venes, madres embarazadas y adulto mayor de las diferentes comunidades y asentamientos humanos de Lima, Callao y a nivel nacional.<\/p>\n<p>Deseo realizar una donaci\u00f3n y obtener un certificado de Donaci\u00f3n, utilizado en el pago del impuesto a la Renta de 3ra. categor\u00eda, autorizada y aceptado por la SUNAT<\/div><\/div><style type=\"text\/css\" data-type=\"the7_shortcodes-inline-css\">#default-btn-a6072c590bf336c4804f480cbfd35ea4 {\n  border-radius: 100px;\n  font-size: 16px;\n  line-height: 18px;\n}\n.btn-shadow#default-btn-a6072c590bf336c4804f480cbfd35ea4 {\n  box-shadow: 0 1px 6px rgba(0,0,0,0.12);\n  transition: box-shadow 0.2s ease-out, opacity 0.45s;\n}\n.btn-shadow#default-btn-a6072c590bf336c4804f480cbfd35ea4:hover {\n  box-shadow: 0 5px 11px 0 rgba(0,0,0,0.18), 0 4px 15px 0 rgba(0,0,0,0.15);\n}\n.btn-3d#default-btn-a6072c590bf336c4804f480cbfd35ea4:hover {\n  box-shadow: 0px 2px 0px 0px rgba(224,224,224,0.05);\n}\n.btn-flat#default-btn-a6072c590bf336c4804f480cbfd35ea4 {\n  box-shadow: none;\n}\n.btn-flat#default-btn-a6072c590bf336c4804f480cbfd35ea4:hover {\n  box-shadow: none;\n}\n#default-btn-a6072c590bf336c4804f480cbfd35ea4.ico-right-side > i {\n  margin-right: 0px;\n  margin-left: 8px;\n}\n#default-btn-a6072c590bf336c4804f480cbfd35ea4 > i {\n  margin-right: 8px;\n  font-size: 16px;\n}\n#default-btn-a6072c590bf336c4804f480cbfd35ea4:not(:hover) {\n  border-width: 3px;\n  border-color: #dd3333 !important;\n  color: #000000;\n  background: none !important;\n  padding: 16px 10px 16px 10px;\n}\n#default-btn-a6072c590bf336c4804f480cbfd35ea4:not(:hover) * {\n  color: #000000;\n}\n#default-btn-a6072c590bf336c4804f480cbfd35ea4:hover {\n  border-width: 3px;\n  border-color: #000000 !important;\n  color: #c40000;\n  background: rgba(255,255,255,0.05) !important;\n  padding: 16px 10px 16px 10px;\n}\n#default-btn-a6072c590bf336c4804f480cbfd35ea4:hover * {\n  color: #c40000;\n}\n#default-btn-a6072c590bf336c4804f480cbfd35ea4.ico-right-side > i {\n  margin-right: 0px;\n  margin-left: 8px;\n}\n#default-btn-a6072c590bf336c4804f480cbfd35ea4 > i {\n  margin-right: 8px;\n}\n<\/style><div class=\"btn-align-center\"><a href=\"#contacto\" class=\"default-btn-shortcode dt-btn bounceInUp animate-element animation-builder link-hover-off ico-right-side btn-flat \" id=\"default-btn-a6072c590bf336c4804f480cbfd35ea4\" style=\"width:240px;\"><span>Cont\u00e1ctenos<\/span><i class=\"icomoon-the7-font-the7-arrow-09\"><\/i><\/a><\/div>[\/vc_column][\/vc_row][vc_row css_animation=&#8221;bounceInUp&#8221;][vc_column][vc_empty_space]<div id=\"ultimate-heading-574769e634ae9c759\" class=\"uvc-heading ult-adjust-bottom-margin ultimate-heading-574769e634ae9c759 uvc-5290  uvc-heading-default-font-sizes\" data-hspacer=\"no_spacer\"  data-halign=\"center\" style=\"text-align:center\"><div class=\"uvc-heading-spacer no_spacer\" style=\"top\"><\/div><div class=\"uvc-main-heading ult-responsive\"  data-ultimate-target='.uvc-heading.ultimate-heading-574769e634ae9c759 h2'  data-responsive-json-new='{\"font-size\":\"\",\"line-height\":\"\"}' ><h2 style=\"font-weight:bold;color:#000000;margin-bottom:15px;\">Realiza tu Donativo en Nuestras Cuentas Corrientes<\/h2><\/div><\/div>[\/vc_column][\/vc_row][vc_row css_animation=&#8221;bounceInLeft&#8221;][vc_column width=&#8221;1\/2&#8243;][vc_column_text]<\/p>\n<h3>S\/: Cuenta Corriente (Soles)<br \/>\nN\u00ba 192-2014884-0-62<\/h3>\n<p><strong>C\u00f3digo Interbancario (SOLES)<\/strong><br \/>\n<strong>002 192 002014884062 30<\/strong>[\/vc_column_text][\/vc_column][vc_column width=&#8221;1\/2&#8243;][vc_column_text]<\/p>\n<h3>US $: Cuenta de Ahorros (D\u00f3lares)<br \/>\nN\u00ba 192-97145685-1-52<\/h3>\n<p><strong>C\u00f3digo Interbancario (D\u00d3LARES) | 002 192 197145685152 37<\/strong><br \/>\n<strong>C\u00f3digo SWIFT \u00f3 C\u00f3digo ABBA: BCPLPEPL<\/strong>[\/vc_column_text][\/vc_column][\/vc_row][vc_row][vc_column][vc_empty_space height=&#8221;64px&#8221;][\/vc_column][\/vc_row][vc_row equal_height=&#8221;yes&#8221; content_placement=&#8221;middle&#8221; css_animation=&#8221;bounceIn&#8221; bg_type=&#8221;image&#8221; parallax_style=&#8221;vcpb-animated&#8221; bg_image_new=&#8221;id^37335|url^https:\/\/www.tusexshopdeliveryperu.com\/sexshop\/wp-content\/uploads\/2022\/03\/patt-sale-w.png|caption^null|alt^null|title^patt-sale-w|description^null&#8221; bg_image_size=&#8221;initial&#8221; bg_override=&#8221;ex-full&#8221; type=&#8221;vc_default&#8221; margin_top=&#8221;0&#8243; margin_bottom=&#8221;0&#8243; css=&#8221;.vc_custom_1647433883727{padding-top: 50px !important;background-color: #dd3333 !important;}&#8221;][vc_column width=&#8221;2\/3&#8243; css=&#8221;.vc_custom_1491852083406{padding-bottom: 50px !important;}&#8221;]<div id=\"ultimate-heading-36769e634ae9c798\" class=\"uvc-heading ult-adjust-bottom-margin ultimate-heading-36769e634ae9c798 uvc-4361 \" data-hspacer=\"no_spacer\"  data-halign=\"center\" style=\"text-align:center\"><div class=\"uvc-heading-spacer no_spacer\" style=\"top\"><\/div><div class=\"uvc-main-heading ult-responsive\"  data-ultimate-target='.uvc-heading.ultimate-heading-36769e634ae9c798 h2'  data-responsive-json-new='{\"font-size\":\"desktop:40px;\",\"line-height\":\"desktop:50px;\"}' ><h2 style=\"font-weight:bold;color:#ffffff;\">ATENCI\u00d3N EN L\u00cdNEA<\/h2><\/div><\/div>[\/vc_column][vc_column width=&#8221;1\/3&#8243; css=&#8221;.vc_custom_1491852088239{padding-bottom: 50px !important;}&#8221;]<div class=\" vc_custom_1647433870498 ubtn-ctn-center \"><a class=\"ubtn-link ult-adjust-bottom-margin ubtn-center ubtn-custom \" href=\"#\" ><button type=\"button\" id=\"ubtn-4344\"  class=\"ubtn ult-adjust-bottom-margin ult-responsive ubtn-custom ubtn-no-hover-bg  none  ubtn-sep-icon ubtn-sep-icon-at-left  ubtn-center   tooltip-69e634ae9c7d9\"  data-hover=\"#ffffff\" data-border-color=\"#ffffff\" data-bg=\"rgba(255,255,255,0.01)\" data-hover-bg=\"rgba(5,5,5,0.5)\" data-border-hover=\"#ffffff\" data-shadow-hover=\"\" data-shadow-click=\"none\" data-shadow=\"\" data-shd-shadow=\"\"  data-ultimate-target='#ubtn-4344'  data-responsive-json-new='{\"font-size\":\"desktop:20px;\",\"line-height\":\"desktop:20px;\"}'  style=\"font-family:&#039;Roboto Condensed&#039;;font-weight:700;width:560px;min-height:px;padding:20px 20px;border-radius:0px;border-width:3px;border-color:#ffffff;border-style:solid;background: rgba(255,255,255,0.01);color: #ffffff;\"><span class=\"ubtn-data ubtn-icon\"><i class=\"icomoon-the7-font-the7-phone-06\" style=\"font-size:32px;color:;\"><\/i><\/span><span class=\"ubtn-hover\" style=\"background-color:rgba(5,5,5,0.5)\"><\/span><span class=\"ubtn-data ubtn-text \" >+51 996 482 120<\/span><\/button><\/a><\/div>[\/vc_column][\/vc_row][vc_row css_animation=&#8221;bounceInUp&#8221; el_id=&#8221;contacto&#8221; css=&#8221;.vc_custom_1646383850154{padding-top: 64px !important;}&#8221;][vc_column]<div id=\"ultimate-heading-867569e634ae9ca17\" class=\"uvc-heading ult-adjust-bottom-margin ultimate-heading-867569e634ae9ca17 uvc-1979 \" data-hspacer=\"line_with_icon\" data-hline_width=\"230\" data-hicon_type=\"selector\" data-hborder_style=\"solid\" data-hborder_height=\"2\" data-hborder_color=\"#dd3333\" data-icon_width=\"14\" data-hfixer=\"10\"  data-halign=\"center\" style=\"text-align:center\"><div class=\"uvc-main-heading ult-responsive\"  data-ultimate-target='.uvc-heading.ultimate-heading-867569e634ae9ca17 h2'  data-responsive-json-new='{\"font-size\":\"desktop:30px;\",\"line-height\":\"desktop:30px;\"}' ><h2 style=\"font-family:&#039;Roboto&#039;;font-weight:bold;margin-bottom:0px;\">CONTACTO R\u00c1PIDO<\/h2><\/div><div class=\"uvc-heading-spacer line_with_icon\" style=\"margin-bottom:40px;height:14px;\"><div class=\"ult-just-icon-wrapper  \"><div class=\"align-icon\" style=\"text-align:center;\">\n<div class=\"aio-icon none \"  style=\"color:#dd3333;font-size:14px;display:inline-block;\">\n\t<i class=\"icomoon-font-awesome-14x14-star\"><\/i>\n<\/div><\/div><\/div><\/div><\/div>[vc_raw_html]JTVCZm9ybWlkYWJsZSUyMGlkJTNEMiU1RA==[\/vc_raw_html][\/vc_column][\/vc_row]<\/p>\n","protected":false},"excerpt":{"rendered":"<p>[vc_row full_width=&#8221;stretch_row&#8221; css_animation=&#8221;bounceInUp&#8221; css=&#8221;.vc_custom_1647434466666{padding-top: 100px !important;padding-bottom: 120px !important;background: #f3f3f5 url(https:\/\/www.hambreceroperu.org\/wp-content\/uploads\/2022\/03\/fondo-hc.png?id=37667) !important;background-position: center !important;background-repeat: no-repeat !important;background-size: cover !important;}&#8221;][vc_column offset=&#8221;vc_col-lg-offset-2 vc_col-lg-8 vc_col-md-offset-2 vc_col-md-8 vc_col-sm-offset-0 vc_col-xs-12&#8243;][vc_empty_space][\/vc_column][\/vc_row][vc_row css_animation=&#8221;bounceInUp&#8221;][vc_column][vc_empty_space][\/vc_column][\/vc_row][vc_row css_animation=&#8221;bounceInLeft&#8221;][vc_column width=&#8221;1\/2&#8243;][vc_column_text] S\/: Cuenta Corriente (Soles) N\u00ba 192-2014884-0-62 C\u00f3digo Interbancario (SOLES) 002 192 002014884062 30[\/vc_column_text][\/vc_column][vc_column width=&#8221;1\/2&#8243;][vc_column_text] US $: Cuenta de Ahorros (D\u00f3lares) N\u00ba 192-97145685-1-52 C\u00f3digo Interbancario (D\u00d3LARES) | 002 192 197145685152&hellip;<\/p>\n","protected":false},"author":1,"featured_media":0,"parent":0,"menu_order":20,"comment_status":"closed","ping_status":"closed","template":"","meta":{"footnotes":""},"class_list":["post-37901","page","type-page","status-publish","hentry","description-off"],"yoast_head":"<!-- This site is optimized with the Yoast SEO Premium plugin v21.2 (Yoast SEO v21.2) - https:\/\/yoast.com\/wordpress\/plugins\/seo\/ -->\n<title>Services - MUDANZAS INTEGRALES PER\u00da<\/title>\n<meta name=\"robots\" content=\"index, follow, max-snippet:-1, max-image-preview:large, max-video-preview:-1\" \/>\n<link rel=\"canonical\" href=\"https:\/\/www.mintperu.com\/en\/services\/\" \/>\n<meta property=\"og:locale\" content=\"en_US\" \/>\n<meta property=\"og:type\" content=\"article\" \/>\n<meta property=\"og:title\" content=\"Services\" \/>\n<meta property=\"og:description\" content=\"[vc_row full_width=&#8221;stretch_row&#8221; css_animation=&#8221;bounceInUp&#8221; css=&#8221;.vc_custom_1647434466666{padding-top: 100px !important;padding-bottom: 120px !important;background: #f3f3f5 url(https:\/\/www.hambreceroperu.org\/wp-content\/uploads\/2022\/03\/fondo-hc.png?id=37667) !important;background-position: center !important;background-repeat: no-repeat !important;background-size: cover !important;}&#8221;][vc_column offset=&#8221;vc_col-lg-offset-2 vc_col-lg-8 vc_col-md-offset-2 vc_col-md-8 vc_col-sm-offset-0 vc_col-xs-12&#8243;][vc_empty_space][\/vc_column][\/vc_row][vc_row css_animation=&#8221;bounceInUp&#8221;][vc_column][vc_empty_space][\/vc_column][\/vc_row][vc_row css_animation=&#8221;bounceInLeft&#8221;][vc_column width=&#8221;1\/2&#8243;][vc_column_text] S\/: Cuenta Corriente (Soles) N\u00ba 192-2014884-0-62 C\u00f3digo Interbancario (SOLES) 002 192 002014884062 30[\/vc_column_text][\/vc_column][vc_column width=&#8221;1\/2&#8243;][vc_column_text] US $: Cuenta de Ahorros (D\u00f3lares) N\u00ba 192-97145685-1-52 C\u00f3digo Interbancario (D\u00d3LARES) | 002 192 197145685152&hellip;\" \/>\n<meta property=\"og:url\" content=\"https:\/\/www.mintperu.com\/en\/services\/\" \/>\n<meta property=\"og:site_name\" content=\"MUDANZAS INTEGRALES PER\u00da\" \/>\n<meta property=\"article:modified_time\" content=\"2023-10-08T15:03:57+00:00\" \/>\n<meta name=\"twitter:card\" content=\"summary_large_image\" \/>\n<meta name=\"twitter:label1\" content=\"Est. reading time\" \/>\n\t<meta name=\"twitter:data1\" content=\"3 minutes\" \/>\n<script type=\"application\/ld+json\" class=\"yoast-schema-graph\">{\"@context\":\"https:\/\/schema.org\",\"@graph\":[{\"@type\":\"WebPage\",\"@id\":\"https:\/\/www.mintperu.com\/en\/services\/\",\"url\":\"https:\/\/www.mintperu.com\/en\/services\/\",\"name\":\"Services - MUDANZAS INTEGRALES PER\u00da\",\"isPartOf\":{\"@id\":\"https:\/\/www.mintperu.com\/en\/#website\"},\"datePublished\":\"2019-10-16T16:13:12+00:00\",\"dateModified\":\"2023-10-08T15:03:57+00:00\",\"breadcrumb\":{\"@id\":\"https:\/\/www.mintperu.com\/en\/services\/#breadcrumb\"},\"inLanguage\":\"en-US\",\"potentialAction\":[{\"@type\":\"ReadAction\",\"target\":[\"https:\/\/www.mintperu.com\/en\/services\/\"]}]},{\"@type\":\"BreadcrumbList\",\"@id\":\"https:\/\/www.mintperu.com\/en\/services\/#breadcrumb\",\"itemListElement\":[{\"@type\":\"ListItem\",\"position\":1,\"name\":\"Home\",\"item\":\"https:\/\/www.mintperu.com\/en\/\"},{\"@type\":\"ListItem\",\"position\":2,\"name\":\"Services\"}]},{\"@type\":\"WebSite\",\"@id\":\"https:\/\/www.mintperu.com\/en\/#website\",\"url\":\"https:\/\/www.mintperu.com\/en\/\",\"name\":\"MUDANZAS INTEGRALES PER\u00da\",\"description\":\"INTERNACIONALES Y NACIONALES\",\"potentialAction\":[{\"@type\":\"SearchAction\",\"target\":{\"@type\":\"EntryPoint\",\"urlTemplate\":\"https:\/\/www.mintperu.com\/en\/?s={search_term_string}\"},\"query-input\":\"required name=search_term_string\"}],\"inLanguage\":\"en-US\"}]}<\/script>\n<!-- \/ Yoast SEO Premium plugin. -->","yoast_head_json":{"title":"Services - MUDANZAS INTEGRALES PER\u00da","robots":{"index":"index","follow":"follow","max-snippet":"max-snippet:-1","max-image-preview":"max-image-preview:large","max-video-preview":"max-video-preview:-1"},"canonical":"https:\/\/www.mintperu.com\/en\/services\/","og_locale":"en_US","og_type":"article","og_title":"Services","og_description":"[vc_row full_width=&#8221;stretch_row&#8221; css_animation=&#8221;bounceInUp&#8221; css=&#8221;.vc_custom_1647434466666{padding-top: 100px !important;padding-bottom: 120px !important;background: #f3f3f5 url(https:\/\/www.hambreceroperu.org\/wp-content\/uploads\/2022\/03\/fondo-hc.png?id=37667) !important;background-position: center !important;background-repeat: no-repeat !important;background-size: cover !important;}&#8221;][vc_column offset=&#8221;vc_col-lg-offset-2 vc_col-lg-8 vc_col-md-offset-2 vc_col-md-8 vc_col-sm-offset-0 vc_col-xs-12&#8243;][vc_empty_space][\/vc_column][\/vc_row][vc_row css_animation=&#8221;bounceInUp&#8221;][vc_column][vc_empty_space][\/vc_column][\/vc_row][vc_row css_animation=&#8221;bounceInLeft&#8221;][vc_column width=&#8221;1\/2&#8243;][vc_column_text] S\/: Cuenta Corriente (Soles) N\u00ba 192-2014884-0-62 C\u00f3digo Interbancario (SOLES) 002 192 002014884062 30[\/vc_column_text][\/vc_column][vc_column width=&#8221;1\/2&#8243;][vc_column_text] US $: Cuenta de Ahorros (D\u00f3lares) N\u00ba 192-97145685-1-52 C\u00f3digo Interbancario (D\u00d3LARES) | 002 192 197145685152&hellip;","og_url":"https:\/\/www.mintperu.com\/en\/services\/","og_site_name":"MUDANZAS INTEGRALES PER\u00da","article_modified_time":"2023-10-08T15:03:57+00:00","twitter_card":"summary_large_image","twitter_misc":{"Est. reading time":"3 minutes"},"schema":{"@context":"https:\/\/schema.org","@graph":[{"@type":"WebPage","@id":"https:\/\/www.mintperu.com\/en\/services\/","url":"https:\/\/www.mintperu.com\/en\/services\/","name":"Services - MUDANZAS INTEGRALES PER\u00da","isPartOf":{"@id":"https:\/\/www.mintperu.com\/en\/#website"},"datePublished":"2019-10-16T16:13:12+00:00","dateModified":"2023-10-08T15:03:57+00:00","breadcrumb":{"@id":"https:\/\/www.mintperu.com\/en\/services\/#breadcrumb"},"inLanguage":"en-US","potentialAction":[{"@type":"ReadAction","target":["https:\/\/www.mintperu.com\/en\/services\/"]}]},{"@type":"BreadcrumbList","@id":"https:\/\/www.mintperu.com\/en\/services\/#breadcrumb","itemListElement":[{"@type":"ListItem","position":1,"name":"Home","item":"https:\/\/www.mintperu.com\/en\/"},{"@type":"ListItem","position":2,"name":"Services"}]},{"@type":"WebSite","@id":"https:\/\/www.mintperu.com\/en\/#website","url":"https:\/\/www.mintperu.com\/en\/","name":"MUDANZAS INTEGRALES PER\u00da","description":"INTERNACIONALES Y NACIONALES","potentialAction":[{"@type":"SearchAction","target":{"@type":"EntryPoint","urlTemplate":"https:\/\/www.mintperu.com\/en\/?s={search_term_string}"},"query-input":"required name=search_term_string"}],"inLanguage":"en-US"}]}},"_links":{"self":[{"href":"https:\/\/www.mintperu.com\/en\/wp-json\/wp\/v2\/pages\/37901","targetHints":{"allow":["GET"]}}],"collection":[{"href":"https:\/\/www.mintperu.com\/en\/wp-json\/wp\/v2\/pages"}],"about":[{"href":"https:\/\/www.mintperu.com\/en\/wp-json\/wp\/v2\/types\/page"}],"author":[{"embeddable":true,"href":"https:\/\/www.mintperu.com\/en\/wp-json\/wp\/v2\/users\/1"}],"replies":[{"embeddable":true,"href":"https:\/\/www.mintperu.com\/en\/wp-json\/wp\/v2\/comments?post=37901"}],"version-history":[{"count":2,"href":"https:\/\/www.mintperu.com\/en\/wp-json\/wp\/v2\/pages\/37901\/revisions"}],"predecessor-version":[{"id":37995,"href":"https:\/\/www.mintperu.com\/en\/wp-json\/wp\/v2\/pages\/37901\/revisions\/37995"}],"wp:attachment":[{"href":"https:\/\/www.mintperu.com\/en\/wp-json\/wp\/v2\/media?parent=37901"}],"curies":[{"name":"wp","href":"https:\/\/api.w.org\/{rel}","templated":true}]}}